{"id":3794,"date":"2021-11-04T11:45:08","date_gmt":"2021-11-04T11:45:08","guid":{"rendered":"https:\/\/igame.news\/kontakta\/"},"modified":"2023-10-14T11:42:18","modified_gmt":"2023-10-14T11:42:18","slug":"kontakta","status":"publish","type":"page","link":"https:\/\/igame.news\/sv\/kontakta\/","title":{"rendered":"Kontakta"},"content":{"rendered":"\t\t<div data-elementor-type=\"wp-page\" data-elementor-id=\"3794\" class=\"elementor elementor-3794 elementor-1481\" data-elementor-post-type=\"page\">\n\t\t\t\t\t\t<section class=\"elementor-section elementor-top-section elementor-element elementor-element-caffc90 elementor-section-boxed elementor-section-height-default elementor-section-height-default\" data-id=\"caffc90\" data-element_type=\"section\">\n\t\t\t\t\t\t<div class=\"elementor-container elementor-column-gap-custom\">\n\t\t\t\t\t<div class=\"elementor-column elementor-col-100 elementor-top-column elementor-element elementor-element-93fc17a\" data-id=\"93fc17a\" data-element_type=\"column\">\n\t\t\t<div class=\"elementor-widget-wrap elementor-element-populated\">\n\t\t\t\t\t\t<div class=\"elementor-element elementor-element-c186811 elementor-widget elementor-widget-foxiz-heading\" data-id=\"c186811\" data-element_type=\"widget\" data-widget_type=\"foxiz-heading.default\">\n\t\t\t\t<div class=\"elementor-widget-container\">\n\t\t\t<div id=\"uid_c186811\" class=\"block-h heading-layout-c10\"><div class=\"heading-inner\"><h3 class=\"heading-title\"><span>Get In Touch<\/span><\/h3><\/div><\/div>\t\t<\/div>\n\t\t\t\t<\/div>\n\t\t\t\t<div class=\"elementor-element elementor-element-25c3c22 elementor-widget elementor-widget-foxiz-heading\" data-id=\"25c3c22\" data-element_type=\"widget\" data-widget_type=\"foxiz-heading.default\">\n\t\t\t\t<div class=\"elementor-widget-container\">\n\t\t\t<div id=\"uid_25c3c22\" class=\"block-h heading-layout-c10\"><div class=\"heading-inner\"><h1 class=\"heading-title\"><span>Contact US<\/span><\/h1><\/div><\/div>\t\t<\/div>\n\t\t\t\t<\/div>\n\t\t\t\t\t<\/div>\n\t\t<\/div>\n\t\t\t\t\t<\/div>\n\t\t<\/section>\n\t\t\t\t<section class=\"elementor-section elementor-top-section elementor-element elementor-element-6ba5260 elementor-section-boxed elementor-section-height-default elementor-section-height-default\" data-id=\"6ba5260\" data-element_type=\"section\">\n\t\t\t\t\t\t<div class=\"elementor-container elementor-column-gap-custom\">\n\t\t\t\t\t<div class=\"elementor-column elementor-col-66 elementor-top-column elementor-element elementor-element-ffe814a\" data-id=\"ffe814a\" data-element_type=\"column\">\n\t\t\t<div class=\"elementor-widget-wrap elementor-element-populated\">\n\t\t\t\t\t\t<div class=\"elementor-element elementor-element-5399611 elementor-widget elementor-widget-html\" data-id=\"5399611\" data-element_type=\"widget\" data-widget_type=\"html.default\">\n\t\t\t\t<div class=\"elementor-widget-container\">\n\t\t\t<h3>Allm\u00e4n kundv\u00e5rd och teknisk support<\/h3>\n<p style=\"margin-top: 15px;font-size: 14px;font-style: italic\">N\u00e4r vi tar itu med v\u00e5ra kunders behov kan v\u00e4ntetiderna f\u00f6r e-post vara l\u00e4ngre \u00e4n vanligt. F\u00f6r att ge dig den b\u00e4sta m\u00f6jliga kundupplevelsen uppmuntrar vi dig att utnyttja v\u00e5ra telefoner. I de flesta fall \u00e4r detta det snabbaste och enklaste alternativet.\n\n<\/p>\t\t<\/div>\n\t\t\t\t<\/div>\n\t\t\t\t<div class=\"elementor-element elementor-element-c82d4d8 elementor-widget elementor-widget-foxiz-heading\" data-id=\"c82d4d8\" data-element_type=\"widget\" data-widget_type=\"foxiz-heading.default\">\n\t\t\t\t<div class=\"elementor-widget-container\">\n\t\t\t<div id=\"uid_c82d4d8\" class=\"block-h heading-layout-1\"><div class=\"heading-inner\"><h3 class=\"heading-title\"><span>Contact iGame News\n\n<\/span><\/h3><\/div><\/div>\t\t<\/div>\n\t\t\t\t<\/div>\n\t\t\t\t<div class=\"elementor-element elementor-element-83253cc elementor-widget elementor-widget-text-editor\" data-id=\"83253cc\" data-element_type=\"widget\" data-widget_type=\"text-editor.default\">\n\t\t\t\t<div class=\"elementor-widget-container\">\n\t\t\t<style>\/*! elementor - v3.22.0 - 26-06-2024 *\/\n.elementor-widget-text-editor.elementor-drop-cap-view-stacked .elementor-drop-cap{background-color:#69727d;color:#fff}.elementor-widget-text-editor.elementor-drop-cap-view-framed .elementor-drop-cap{color:#69727d;border:3px solid;background-color:transparent}.elementor-widget-text-editor:not(.elementor-drop-cap-view-default) .elementor-drop-cap{margin-top:8px}.elementor-widget-text-editor:not(.elementor-drop-cap-view-default) .elementor-drop-cap-letter{width:1em;height:1em}.elementor-widget-text-editor .elementor-drop-cap{float:left;text-align:center;line-height:1;font-size:50px}.elementor-widget-text-editor .elementor-drop-cap-letter{display:inline-block}<\/style>\t\t\t\t<p>P\u00e5 iGame News v\u00e4rdes\u00e4tter vi v\u00e5ra l\u00e4sares feedback, f\u00f6rfr\u00e5gningar och f\u00f6rslag. Om du har n\u00e5gra fr\u00e5gor eller vill komma i kontakt med v\u00e5rt team kan du anv\u00e4nda kontaktinformationen nedan. Vi ska se till att \u00e5terkomma till dig s\u00e5 snart som m\u00f6jligt.<\/p>\n<p>[wpforms id=&#8221;13755&#8243;]<\/p>\n<h3>Reklam? Anv\u00e4nd Skype<\/h3>\n<div class=\"group w-full text-gray-800 dark:text-gray-100 border-b border-black\/10 dark:border-gray-900\/50 bg-gray-50 dark:bg-[#444654]\">\n<div class=\"flex p-4 gap-4 text-base md:gap-6 md:max-w-2xl lg:max-w-xl xl:max-w-3xl md:py-6 lg:px-0 m-auto\">\n<div class=\"relative flex flex-col w-[calc(100%-50px)] gap-1 md:gap-3 lg:w-[calc(100%-115px)]\">\n<div class=\"flex flex-grow flex-col gap-3\">\n<div class=\"min-h-[20px] flex flex-col items-start gap-4 whitespace-pre-wrap break-words\">\n<div class=\"markdown prose w-full break-words dark:prose-invert light\">\n<p>Vi v\u00e4lkomnar reklamf\u00f6rslag fr\u00e5n f\u00f6retag och privatpersoner som \u00e4r intresserade av att marknadsf\u00f6ra sina produkter eller tj\u00e4nster p\u00e5 Skype. Observera att vi endast tar emot reklamf\u00f6rslag via Skype och inte o\u00f6nskat reklammaterial via e-post eller andra kanaler.<\/p>\n<\/div>\n<\/div>\n<\/div>\n<\/div>\n<\/div>\n<\/div>\n<table>\n<tbody>\n<tr>\n<td>SkypeID:<\/td>\n<td>live:.cid.d5c381bed0056b6c<\/td>\n<\/tr>\n<\/tbody>\n<\/table>\n<p><em> <\/em><\/p>\n\t\t\t\t\t\t<\/div>\n\t\t\t\t<\/div>\n\t\t\t\t\t<\/div>\n\t\t<\/div>\n\t\t\t\t<div class=\"elementor-column elementor-col-33 elementor-top-column elementor-element elementor-element-75972dc\" data-id=\"75972dc\" data-element_type=\"column\">\n\t\t\t<div class=\"elementor-widget-wrap elementor-element-populated\">\n\t\t\t\t\t\t<div class=\"elementor-element elementor-element-d8ea50d elementor-widget elementor-widget-foxiz-heading\" data-id=\"d8ea50d\" data-element_type=\"widget\" data-widget_type=\"foxiz-heading.default\">\n\t\t\t\t<div class=\"elementor-widget-container\">\n\t\t\t<div id=\"uid_d8ea50d\" class=\"block-h heading-layout-1\"><div class=\"heading-inner\"><h3 class=\"heading-title\"><span>Find Us on Social<\/span><\/h3><\/div><\/div>\t\t<\/div>\n\t\t\t\t<\/div>\n\t\t\t\t<div class=\"elementor-element elementor-element-dac63df elementor-widget elementor-widget-wp-widget-widget-follower\" data-id=\"dac63df\" data-element_type=\"widget\" data-widget_type=\"wp-widget-widget-follower.default\">\n\t\t\t\t<div class=\"elementor-widget-container\">\n\t\t\t        <div class=\"socials-counter h6 is-style-15 is-gstyle-3 is-icon-color is-h-bg\">\r\n            <div class=\"social-follower effect-fadeout\">\r\n\t\t\t\t                    <div class=\"follower-el fb-follower\">\r\n                        <a target=\"_blank\" href=\"https:\/\/facebook.com\/envato\" class=\"facebook\" aria-label=\"Facebook\" rel=\"noopener nofollow\"><\/a>\r\n                        <span class=\"follower-inner\">\r\n                                <span class=\"fnicon\"><i class=\"rbi rbi-facebook\" aria-hidden=\"true\"><\/i><\/span>\r\n                                                                    <span class=\"fnlabel\">Facebook<\/span>\r\n                                    <span class=\"text-count\">Like<\/span>\r\n                                                            <\/span>\r\n                    <\/div>\r\n\t\t\t\t                    <div class=\"follower-el twitter-follower\">\r\n                        <a target=\"_blank\" href=\"https:\/\/twitter.com\/envato\" class=\"twitter\" aria-label=\"Twitter\" rel=\"noopener nofollow\"><\/a>\r\n                        <span class=\"follower-inner\">\r\n                                <span class=\"fnicon\"><i class=\"rbi rbi-twitter\" aria-hidden=\"true\"><\/i><\/span>\r\n                                                                    <span class=\"fnlabel\">Twitter<\/span>\r\n                                    <span class=\"text-count\">Follow<\/span>\r\n                                                            <\/span>\r\n                    <\/div>\r\n\t\t\t\t                    <div class=\"follower-el pinterest-follower\">\r\n                        <a target=\"_blank\" href=\"https:\/\/pinterest.com\/envato\" class=\"pinterest\" aria-label=\"Pinterest\" rel=\"noopener nofollow\"><\/a>\r\n                        <span class=\"follower-inner\">\r\n                                <span class=\"fnicon\"><i class=\"rbi rbi-pinterest\" aria-hidden=\"true\"><\/i><\/span>\r\n                                                                    <span class=\"fnlabel\">Pinterest<\/span>\r\n                                    <span class=\"text-count\">Pin<\/span>\r\n                                                            <\/span>\r\n                    <\/div>\r\n\t\t\t\t                    <div class=\"follower-el instagram-follower\">\r\n                        <a target=\"_blank\" href=\"https:\/\/instagram.com\/envato\" class=\"instagram\" aria-label=\"Instagram\" rel=\"noopener nofollow\"><\/a>\r\n                        <span class=\"follower-inner\">\r\n                                <span class=\"fnicon\"><i class=\"rbi rbi-instagram\" aria-hidden=\"true\"><\/i><\/span>\r\n                                                                            <span class=\"fnlabel\">Instagram<\/span>\r\n                                        <span class=\"text-count\">Follow<\/span>\r\n                                                                <\/span>\r\n                    <\/div>\r\n\t\t\t\t            <\/div>\r\n        <\/div>\r\n\t\t\t\t<\/div>\n\t\t\t\t<\/div>\n\t\t\t\t\t<\/div>\n\t\t<\/div>\n\t\t\t\t\t<\/div>\n\t\t<\/section>\n\t\t\t\t<\/div>\n\t\t","protected":false},"excerpt":{"rendered":"<p>Get In Touch Contact US Allm\u00e4n kundv\u00e5rd och teknisk support N\u00e4r vi tar itu med v\u00e5ra kunders behov kan v\u00e4ntetiderna f\u00f6r e-post vara l\u00e4ngre \u00e4n vanligt. F\u00f6r att ge dig den b\u00e4sta m\u00f6jliga kundupplevelsen uppmuntrar vi dig att utnyttja v\u00e5ra telefoner. I de flesta fall \u00e4r detta det snabbaste och enklaste alternativet. Contact iGame News [&hellip;]<\/p>\n","protected":false},"author":1,"featured_media":0,"parent":0,"menu_order":0,"comment_status":"closed","ping_status":"closed","template":"","meta":{"content-type":"","footnotes":""},"class_list":["post-3794","page","type-page","status-publish"],"yoast_head":"<!-- This site is optimized with the Yoast SEO plugin v23.0 - https:\/\/yoast.com\/wordpress\/plugins\/seo\/ -->\n<title>Kontakta - iGaming - Latest news<\/title>\n<meta name=\"robots\" content=\"index, follow, max-snippet:-1, max-image-preview:large, max-video-preview:-1\" \/>\n<link rel=\"canonical\" href=\"https:\/\/igame.news\/sv\/kontakta\/\" \/>\n<meta property=\"og:locale\" content=\"sv_SE\" \/>\n<meta property=\"og:type\" content=\"article\" \/>\n<meta property=\"og:title\" content=\"Kontakta - iGaming - Latest news\" \/>\n<meta property=\"og:description\" content=\"Get In Touch Contact US Allm\u00e4n kundv\u00e5rd och teknisk support N\u00e4r vi tar itu med v\u00e5ra kunders behov kan v\u00e4ntetiderna f\u00f6r e-post vara l\u00e4ngre \u00e4n vanligt. F\u00f6r att ge dig den b\u00e4sta m\u00f6jliga kundupplevelsen uppmuntrar vi dig att utnyttja v\u00e5ra telefoner. I de flesta fall \u00e4r detta det snabbaste och enklaste alternativet. Contact iGame News [&hellip;]\" \/>\n<meta property=\"og:url\" content=\"https:\/\/igame.news\/sv\/kontakta\/\" \/>\n<meta property=\"og:site_name\" content=\"iGaming - Latest news\" \/>\n<meta property=\"article:modified_time\" content=\"2023-10-14T11:42:18+00:00\" \/>\n<meta name=\"twitter:card\" content=\"summary_large_image\" \/>\n<meta name=\"twitter:label1\" content=\"Ber\u00e4knad l\u00e4stid\" \/>\n\t<meta name=\"twitter:data1\" content=\"1 minut\" \/>\n<script type=\"application\/ld+json\" class=\"yoast-schema-graph\">{\"@context\":\"https:\/\/schema.org\",\"@graph\":[{\"@type\":\"WebPage\",\"@id\":\"https:\/\/igame.news\/sv\/kontakta\/\",\"url\":\"https:\/\/igame.news\/sv\/kontakta\/\",\"name\":\"Kontakta - iGaming - Latest news\",\"isPartOf\":{\"@id\":\"https:\/\/igame.news\/sv\/#website\"},\"datePublished\":\"2021-11-04T11:45:08+00:00\",\"dateModified\":\"2023-10-14T11:42:18+00:00\",\"breadcrumb\":{\"@id\":\"https:\/\/igame.news\/sv\/kontakta\/#breadcrumb\"},\"inLanguage\":\"sv-SE\",\"potentialAction\":[{\"@type\":\"ReadAction\",\"target\":[\"https:\/\/igame.news\/sv\/kontakta\/\"]}]},{\"@type\":\"BreadcrumbList\",\"@id\":\"https:\/\/igame.news\/sv\/kontakta\/#breadcrumb\",\"itemListElement\":[{\"@type\":\"ListItem\",\"position\":1,\"name\":\"Home\",\"item\":\"https:\/\/igame.news\/sv\/\"},{\"@type\":\"ListItem\",\"position\":2,\"name\":\"Kontakta\"}]},{\"@type\":\"WebSite\",\"@id\":\"https:\/\/igame.news\/sv\/#website\",\"url\":\"https:\/\/igame.news\/sv\/\",\"name\":\"iGaming - Latest news\",\"description\":\"\",\"potentialAction\":[{\"@type\":\"SearchAction\",\"target\":{\"@type\":\"EntryPoint\",\"urlTemplate\":\"https:\/\/igame.news\/sv\/?s={search_term_string}\"},\"query-input\":\"required name=search_term_string\"}],\"inLanguage\":\"sv-SE\"}]}<\/script>\n<!-- \/ Yoast SEO plugin. -->","yoast_head_json":{"title":"Kontakta - iGaming - Latest news","robots":{"index":"index","follow":"follow","max-snippet":"max-snippet:-1","max-image-preview":"max-image-preview:large","max-video-preview":"max-video-preview:-1"},"canonical":"https:\/\/igame.news\/sv\/kontakta\/","og_locale":"sv_SE","og_type":"article","og_title":"Kontakta - iGaming - Latest news","og_description":"Get In Touch Contact US Allm\u00e4n kundv\u00e5rd och teknisk support N\u00e4r vi tar itu med v\u00e5ra kunders behov kan v\u00e4ntetiderna f\u00f6r e-post vara l\u00e4ngre \u00e4n vanligt. F\u00f6r att ge dig den b\u00e4sta m\u00f6jliga kundupplevelsen uppmuntrar vi dig att utnyttja v\u00e5ra telefoner. I de flesta fall \u00e4r detta det snabbaste och enklaste alternativet. Contact iGame News [&hellip;]","og_url":"https:\/\/igame.news\/sv\/kontakta\/","og_site_name":"iGaming - Latest news","article_modified_time":"2023-10-14T11:42:18+00:00","twitter_card":"summary_large_image","twitter_misc":{"Ber\u00e4knad l\u00e4stid":"1 minut"},"schema":{"@context":"https:\/\/schema.org","@graph":[{"@type":"WebPage","@id":"https:\/\/igame.news\/sv\/kontakta\/","url":"https:\/\/igame.news\/sv\/kontakta\/","name":"Kontakta - iGaming - Latest news","isPartOf":{"@id":"https:\/\/igame.news\/sv\/#website"},"datePublished":"2021-11-04T11:45:08+00:00","dateModified":"2023-10-14T11:42:18+00:00","breadcrumb":{"@id":"https:\/\/igame.news\/sv\/kontakta\/#breadcrumb"},"inLanguage":"sv-SE","potentialAction":[{"@type":"ReadAction","target":["https:\/\/igame.news\/sv\/kontakta\/"]}]},{"@type":"BreadcrumbList","@id":"https:\/\/igame.news\/sv\/kontakta\/#breadcrumb","itemListElement":[{"@type":"ListItem","position":1,"name":"Home","item":"https:\/\/igame.news\/sv\/"},{"@type":"ListItem","position":2,"name":"Kontakta"}]},{"@type":"WebSite","@id":"https:\/\/igame.news\/sv\/#website","url":"https:\/\/igame.news\/sv\/","name":"iGaming - Latest news","description":"","potentialAction":[{"@type":"SearchAction","target":{"@type":"EntryPoint","urlTemplate":"https:\/\/igame.news\/sv\/?s={search_term_string}"},"query-input":"required name=search_term_string"}],"inLanguage":"sv-SE"}]}},"_links":{"self":[{"href":"https:\/\/igame.news\/sv\/wp-json\/wp\/v2\/pages\/3794","targetHints":{"allow":["GET"]}}],"collection":[{"href":"https:\/\/igame.news\/sv\/wp-json\/wp\/v2\/pages"}],"about":[{"href":"https:\/\/igame.news\/sv\/wp-json\/wp\/v2\/types\/page"}],"author":[{"embeddable":true,"href":"https:\/\/igame.news\/sv\/wp-json\/wp\/v2\/users\/1"}],"replies":[{"embeddable":true,"href":"https:\/\/igame.news\/sv\/wp-json\/wp\/v2\/comments?post=3794"}],"version-history":[{"count":9,"href":"https:\/\/igame.news\/sv\/wp-json\/wp\/v2\/pages\/3794\/revisions"}],"predecessor-version":[{"id":13785,"href":"https:\/\/igame.news\/sv\/wp-json\/wp\/v2\/pages\/3794\/revisions\/13785"}],"wp:attachment":[{"href":"https:\/\/igame.news\/sv\/wp-json\/wp\/v2\/media?parent=3794"}],"curies":[{"name":"wp","href":"https:\/\/api.w.org\/{rel}","templated":true}]}}