{"id":3844,"date":"2021-11-04T11:45:08","date_gmt":"2021-11-04T11:45:08","guid":{"rendered":"https:\/\/igame.news\/contacte-con\/"},"modified":"2023-10-14T11:42:17","modified_gmt":"2023-10-14T11:42:17","slug":"contacte-con","status":"publish","type":"page","link":"https:\/\/igame.news\/es\/contacte-con\/","title":{"rendered":"Contacte con"},"content":{"rendered":"\t\t<div data-elementor-type=\"wp-page\" data-elementor-id=\"3844\" class=\"elementor elementor-3844 elementor-1481\" data-elementor-post-type=\"page\">\n\t\t\t\t\t\t<section class=\"elementor-section elementor-top-section elementor-element elementor-element-caffc90 elementor-section-boxed elementor-section-height-default elementor-section-height-default\" data-id=\"caffc90\" data-element_type=\"section\">\n\t\t\t\t\t\t<div class=\"elementor-container elementor-column-gap-custom\">\n\t\t\t\t\t<div class=\"elementor-column elementor-col-100 elementor-top-column elementor-element elementor-element-93fc17a\" data-id=\"93fc17a\" data-element_type=\"column\">\n\t\t\t<div class=\"elementor-widget-wrap elementor-element-populated\">\n\t\t\t\t\t\t<div class=\"elementor-element elementor-element-c186811 elementor-widget elementor-widget-foxiz-heading\" data-id=\"c186811\" data-element_type=\"widget\" data-widget_type=\"foxiz-heading.default\">\n\t\t\t\t<div class=\"elementor-widget-container\">\n\t\t\t<div id=\"uid_c186811\" class=\"block-h heading-layout-c10\"><div class=\"heading-inner\"><h3 class=\"heading-title\"><span>Get In Touch<\/span><\/h3><\/div><\/div>\t\t<\/div>\n\t\t\t\t<\/div>\n\t\t\t\t<div class=\"elementor-element elementor-element-25c3c22 elementor-widget elementor-widget-foxiz-heading\" data-id=\"25c3c22\" data-element_type=\"widget\" data-widget_type=\"foxiz-heading.default\">\n\t\t\t\t<div class=\"elementor-widget-container\">\n\t\t\t<div id=\"uid_25c3c22\" class=\"block-h heading-layout-c10\"><div class=\"heading-inner\"><h1 class=\"heading-title\"><span>Contact US<\/span><\/h1><\/div><\/div>\t\t<\/div>\n\t\t\t\t<\/div>\n\t\t\t\t\t<\/div>\n\t\t<\/div>\n\t\t\t\t\t<\/div>\n\t\t<\/section>\n\t\t\t\t<section class=\"elementor-section elementor-top-section elementor-element elementor-element-6ba5260 elementor-section-boxed elementor-section-height-default elementor-section-height-default\" data-id=\"6ba5260\" data-element_type=\"section\">\n\t\t\t\t\t\t<div class=\"elementor-container elementor-column-gap-custom\">\n\t\t\t\t\t<div class=\"elementor-column elementor-col-66 elementor-top-column elementor-element elementor-element-ffe814a\" data-id=\"ffe814a\" data-element_type=\"column\">\n\t\t\t<div class=\"elementor-widget-wrap elementor-element-populated\">\n\t\t\t\t\t\t<div class=\"elementor-element elementor-element-5399611 elementor-widget elementor-widget-html\" data-id=\"5399611\" data-element_type=\"widget\" data-widget_type=\"html.default\">\n\t\t\t\t<div class=\"elementor-widget-container\">\n\t\t\t<h3>Atenci\u00f3n al cliente y asistencia t\u00e9cnica generales<\/h3>\n<p style=\"margin-top: 15px;font-size: 14px;font-style: italic\">Mientras atendemos las necesidades de nuestros clientes, los tiempos de espera del correo electr\u00f3nico pueden ser m\u00e1s largos de lo habitual. En un esfuerzo por ofrecerle la mejor experiencia de cliente posible, le animamos a que aproveche nuestros tel\u00e9fonos. En la mayor\u00eda de los casos, esta es la opci\u00f3n m\u00e1s r\u00e1pida y sencilla.\n\n<\/p>\t\t<\/div>\n\t\t\t\t<\/div>\n\t\t\t\t<div class=\"elementor-element elementor-element-c82d4d8 elementor-widget elementor-widget-foxiz-heading\" data-id=\"c82d4d8\" data-element_type=\"widget\" data-widget_type=\"foxiz-heading.default\">\n\t\t\t\t<div class=\"elementor-widget-container\">\n\t\t\t<div id=\"uid_c82d4d8\" class=\"block-h heading-layout-1\"><div class=\"heading-inner\"><h3 class=\"heading-title\"><span>Contact iGame News\n\n<\/span><\/h3><\/div><\/div>\t\t<\/div>\n\t\t\t\t<\/div>\n\t\t\t\t<div class=\"elementor-element elementor-element-83253cc elementor-widget elementor-widget-text-editor\" data-id=\"83253cc\" data-element_type=\"widget\" data-widget_type=\"text-editor.default\">\n\t\t\t\t<div class=\"elementor-widget-container\">\n\t\t\t<style>\/*! elementor - v3.22.0 - 26-06-2024 *\/\n.elementor-widget-text-editor.elementor-drop-cap-view-stacked .elementor-drop-cap{background-color:#69727d;color:#fff}.elementor-widget-text-editor.elementor-drop-cap-view-framed .elementor-drop-cap{color:#69727d;border:3px solid;background-color:transparent}.elementor-widget-text-editor:not(.elementor-drop-cap-view-default) .elementor-drop-cap{margin-top:8px}.elementor-widget-text-editor:not(.elementor-drop-cap-view-default) .elementor-drop-cap-letter{width:1em;height:1em}.elementor-widget-text-editor .elementor-drop-cap{float:left;text-align:center;line-height:1;font-size:50px}.elementor-widget-text-editor .elementor-drop-cap-letter{display:inline-block}<\/style>\t\t\t\t<p>En iGame News valoramos las opiniones, preguntas y sugerencias de nuestros lectores. Si tiene alguna pregunta o desea ponerse en contacto con nuestro equipo, utilice la informaci\u00f3n de contacto que figura a continuaci\u00f3n. Nos aseguraremos de responderle lo antes posible.<\/p>\n<p>[wpforms id=\u00bb13755&#8243;]<\/p>\n<h3>\u00bfPublicidad? Utiliza Skype<\/h3>\n<div class=\"group w-full text-gray-800 dark:text-gray-100 border-b border-black\/10 dark:border-gray-900\/50 bg-gray-50 dark:bg-[#444654]\">\n<div class=\"flex p-4 gap-4 text-base md:gap-6 md:max-w-2xl lg:max-w-xl xl:max-w-3xl md:py-6 lg:px-0 m-auto\">\n<div class=\"relative flex flex-col w-[calc(100%-50px)] gap-1 md:gap-3 lg:w-[calc(100%-115px)]\">\n<div class=\"flex flex-grow flex-col gap-3\">\n<div class=\"min-h-[20px] flex flex-col items-start gap-4 whitespace-pre-wrap break-words\">\n<div class=\"markdown prose w-full break-words dark:prose-invert light\">\n<p>Agradecemos las propuestas publicitarias de empresas y particulares que est\u00e9n interesados en promocionar sus productos o servicios en Skype. Ten en cuenta que s\u00f3lo aceptamos propuestas publicitarias a trav\u00e9s de Skype, y que no aceptamos material publicitario no solicitado por correo electr\u00f3nico u otros canales.<\/p>\n<\/div>\n<\/div>\n<\/div>\n<\/div>\n<\/div>\n<\/div>\n<table>\n<tbody>\n<tr>\n<td>SkypeID:<\/td>\n<td>live:.cid.d5c381bed0056b6c<\/td>\n<\/tr>\n<\/tbody>\n<\/table>\n<p><em> <\/em><\/p>\n\t\t\t\t\t\t<\/div>\n\t\t\t\t<\/div>\n\t\t\t\t\t<\/div>\n\t\t<\/div>\n\t\t\t\t<div class=\"elementor-column elementor-col-33 elementor-top-column elementor-element elementor-element-75972dc\" data-id=\"75972dc\" data-element_type=\"column\">\n\t\t\t<div class=\"elementor-widget-wrap elementor-element-populated\">\n\t\t\t\t\t\t<div class=\"elementor-element elementor-element-d8ea50d elementor-widget elementor-widget-foxiz-heading\" data-id=\"d8ea50d\" data-element_type=\"widget\" data-widget_type=\"foxiz-heading.default\">\n\t\t\t\t<div class=\"elementor-widget-container\">\n\t\t\t<div id=\"uid_d8ea50d\" class=\"block-h heading-layout-1\"><div class=\"heading-inner\"><h3 class=\"heading-title\"><span>Find Us on Social<\/span><\/h3><\/div><\/div>\t\t<\/div>\n\t\t\t\t<\/div>\n\t\t\t\t<div class=\"elementor-element elementor-element-dac63df elementor-widget elementor-widget-wp-widget-widget-follower\" data-id=\"dac63df\" data-element_type=\"widget\" data-widget_type=\"wp-widget-widget-follower.default\">\n\t\t\t\t<div class=\"elementor-widget-container\">\n\t\t\t        <div class=\"socials-counter h6 is-style-15 is-gstyle-3 is-icon-color is-h-bg\">\r\n            <div class=\"social-follower effect-fadeout\">\r\n\t\t\t\t                    <div class=\"follower-el fb-follower\">\r\n                        <a target=\"_blank\" href=\"https:\/\/facebook.com\/envato\" class=\"facebook\" aria-label=\"Facebook\" rel=\"noopener nofollow\"><\/a>\r\n                        <span class=\"follower-inner\">\r\n                                <span class=\"fnicon\"><i class=\"rbi rbi-facebook\" aria-hidden=\"true\"><\/i><\/span>\r\n                                                                    <span class=\"fnlabel\">Facebook<\/span>\r\n                                    <span class=\"text-count\">Like<\/span>\r\n                                                            <\/span>\r\n                    <\/div>\r\n\t\t\t\t                    <div class=\"follower-el twitter-follower\">\r\n                        <a target=\"_blank\" href=\"https:\/\/twitter.com\/envato\" class=\"twitter\" aria-label=\"Twitter\" rel=\"noopener nofollow\"><\/a>\r\n                        <span class=\"follower-inner\">\r\n                                <span class=\"fnicon\"><i class=\"rbi rbi-twitter\" aria-hidden=\"true\"><\/i><\/span>\r\n                                                                    <span class=\"fnlabel\">Twitter<\/span>\r\n                                    <span class=\"text-count\">Follow<\/span>\r\n                                                            <\/span>\r\n                    <\/div>\r\n\t\t\t\t                    <div class=\"follower-el pinterest-follower\">\r\n                        <a target=\"_blank\" href=\"https:\/\/pinterest.com\/envato\" class=\"pinterest\" aria-label=\"Pinterest\" rel=\"noopener nofollow\"><\/a>\r\n                        <span class=\"follower-inner\">\r\n                                <span class=\"fnicon\"><i class=\"rbi rbi-pinterest\" aria-hidden=\"true\"><\/i><\/span>\r\n                                                                    <span class=\"fnlabel\">Pinterest<\/span>\r\n                                    <span class=\"text-count\">Pin<\/span>\r\n                                                            <\/span>\r\n                    <\/div>\r\n\t\t\t\t                    <div class=\"follower-el instagram-follower\">\r\n                        <a target=\"_blank\" href=\"https:\/\/instagram.com\/envato\" class=\"instagram\" aria-label=\"Instagram\" rel=\"noopener nofollow\"><\/a>\r\n                        <span class=\"follower-inner\">\r\n                                <span class=\"fnicon\"><i class=\"rbi rbi-instagram\" aria-hidden=\"true\"><\/i><\/span>\r\n                                                                            <span class=\"fnlabel\">Instagram<\/span>\r\n                                        <span class=\"text-count\">Follow<\/span>\r\n                                                                <\/span>\r\n                    <\/div>\r\n\t\t\t\t            <\/div>\r\n        <\/div>\r\n\t\t\t\t<\/div>\n\t\t\t\t<\/div>\n\t\t\t\t\t<\/div>\n\t\t<\/div>\n\t\t\t\t\t<\/div>\n\t\t<\/section>\n\t\t\t\t<\/div>\n\t\t","protected":false},"excerpt":{"rendered":"<p>Get In Touch Contact US Atenci\u00f3n al cliente y asistencia t\u00e9cnica generales Mientras atendemos las necesidades de nuestros clientes, los tiempos de espera del correo electr\u00f3nico pueden ser m\u00e1s largos de lo habitual. En un esfuerzo por ofrecerle la mejor experiencia de cliente posible, le animamos a que aproveche nuestros tel\u00e9fonos. En la mayor\u00eda de [&hellip;]<\/p>\n","protected":false},"author":1,"featured_media":0,"parent":0,"menu_order":0,"comment_status":"closed","ping_status":"closed","template":"","meta":{"content-type":"","footnotes":""},"class_list":["post-3844","page","type-page","status-publish"],"yoast_head":"<!-- This site is optimized with the Yoast SEO plugin v23.0 - https:\/\/yoast.com\/wordpress\/plugins\/seo\/ -->\n<title>Contacte con - iGaming - Latest news<\/title>\n<meta name=\"robots\" content=\"index, follow, max-snippet:-1, max-image-preview:large, max-video-preview:-1\" \/>\n<link rel=\"canonical\" href=\"https:\/\/igame.news\/es\/contacte-con\/\" \/>\n<meta property=\"og:locale\" content=\"es_ES\" \/>\n<meta property=\"og:type\" content=\"article\" \/>\n<meta property=\"og:title\" content=\"Contacte con - iGaming - Latest news\" \/>\n<meta property=\"og:description\" content=\"Get In Touch Contact US Atenci\u00f3n al cliente y asistencia t\u00e9cnica generales Mientras atendemos las necesidades de nuestros clientes, los tiempos de espera del correo electr\u00f3nico pueden ser m\u00e1s largos de lo habitual. En un esfuerzo por ofrecerle la mejor experiencia de cliente posible, le animamos a que aproveche nuestros tel\u00e9fonos. En la mayor\u00eda de [&hellip;]\" \/>\n<meta property=\"og:url\" content=\"https:\/\/igame.news\/es\/contacte-con\/\" \/>\n<meta property=\"og:site_name\" content=\"iGaming - Latest news\" \/>\n<meta property=\"article:modified_time\" content=\"2023-10-14T11:42:17+00:00\" \/>\n<meta name=\"twitter:card\" content=\"summary_large_image\" \/>\n<meta name=\"twitter:label1\" content=\"Tiempo de lectura\" \/>\n\t<meta name=\"twitter:data1\" content=\"1 minuto\" \/>\n<script type=\"application\/ld+json\" class=\"yoast-schema-graph\">{\"@context\":\"https:\/\/schema.org\",\"@graph\":[{\"@type\":\"WebPage\",\"@id\":\"https:\/\/igame.news\/es\/contacte-con\/\",\"url\":\"https:\/\/igame.news\/es\/contacte-con\/\",\"name\":\"Contacte con - iGaming - Latest news\",\"isPartOf\":{\"@id\":\"https:\/\/igame.news\/es\/#website\"},\"datePublished\":\"2021-11-04T11:45:08+00:00\",\"dateModified\":\"2023-10-14T11:42:17+00:00\",\"breadcrumb\":{\"@id\":\"https:\/\/igame.news\/es\/contacte-con\/#breadcrumb\"},\"inLanguage\":\"es\",\"potentialAction\":[{\"@type\":\"ReadAction\",\"target\":[\"https:\/\/igame.news\/es\/contacte-con\/\"]}]},{\"@type\":\"BreadcrumbList\",\"@id\":\"https:\/\/igame.news\/es\/contacte-con\/#breadcrumb\",\"itemListElement\":[{\"@type\":\"ListItem\",\"position\":1,\"name\":\"Home\",\"item\":\"https:\/\/igame.news\/es\/\"},{\"@type\":\"ListItem\",\"position\":2,\"name\":\"Contacte con\"}]},{\"@type\":\"WebSite\",\"@id\":\"https:\/\/igame.news\/es\/#website\",\"url\":\"https:\/\/igame.news\/es\/\",\"name\":\"iGaming - Latest news\",\"description\":\"\",\"potentialAction\":[{\"@type\":\"SearchAction\",\"target\":{\"@type\":\"EntryPoint\",\"urlTemplate\":\"https:\/\/igame.news\/es\/?s={search_term_string}\"},\"query-input\":\"required name=search_term_string\"}],\"inLanguage\":\"es\"}]}<\/script>\n<!-- \/ Yoast SEO plugin. -->","yoast_head_json":{"title":"Contacte con - iGaming - Latest news","robots":{"index":"index","follow":"follow","max-snippet":"max-snippet:-1","max-image-preview":"max-image-preview:large","max-video-preview":"max-video-preview:-1"},"canonical":"https:\/\/igame.news\/es\/contacte-con\/","og_locale":"es_ES","og_type":"article","og_title":"Contacte con - iGaming - Latest news","og_description":"Get In Touch Contact US Atenci\u00f3n al cliente y asistencia t\u00e9cnica generales Mientras atendemos las necesidades de nuestros clientes, los tiempos de espera del correo electr\u00f3nico pueden ser m\u00e1s largos de lo habitual. En un esfuerzo por ofrecerle la mejor experiencia de cliente posible, le animamos a que aproveche nuestros tel\u00e9fonos. En la mayor\u00eda de [&hellip;]","og_url":"https:\/\/igame.news\/es\/contacte-con\/","og_site_name":"iGaming - Latest news","article_modified_time":"2023-10-14T11:42:17+00:00","twitter_card":"summary_large_image","twitter_misc":{"Tiempo de lectura":"1 minuto"},"schema":{"@context":"https:\/\/schema.org","@graph":[{"@type":"WebPage","@id":"https:\/\/igame.news\/es\/contacte-con\/","url":"https:\/\/igame.news\/es\/contacte-con\/","name":"Contacte con - iGaming - Latest news","isPartOf":{"@id":"https:\/\/igame.news\/es\/#website"},"datePublished":"2021-11-04T11:45:08+00:00","dateModified":"2023-10-14T11:42:17+00:00","breadcrumb":{"@id":"https:\/\/igame.news\/es\/contacte-con\/#breadcrumb"},"inLanguage":"es","potentialAction":[{"@type":"ReadAction","target":["https:\/\/igame.news\/es\/contacte-con\/"]}]},{"@type":"BreadcrumbList","@id":"https:\/\/igame.news\/es\/contacte-con\/#breadcrumb","itemListElement":[{"@type":"ListItem","position":1,"name":"Home","item":"https:\/\/igame.news\/es\/"},{"@type":"ListItem","position":2,"name":"Contacte con"}]},{"@type":"WebSite","@id":"https:\/\/igame.news\/es\/#website","url":"https:\/\/igame.news\/es\/","name":"iGaming - Latest news","description":"","potentialAction":[{"@type":"SearchAction","target":{"@type":"EntryPoint","urlTemplate":"https:\/\/igame.news\/es\/?s={search_term_string}"},"query-input":"required name=search_term_string"}],"inLanguage":"es"}]}},"_links":{"self":[{"href":"https:\/\/igame.news\/es\/wp-json\/wp\/v2\/pages\/3844","targetHints":{"allow":["GET"]}}],"collection":[{"href":"https:\/\/igame.news\/es\/wp-json\/wp\/v2\/pages"}],"about":[{"href":"https:\/\/igame.news\/es\/wp-json\/wp\/v2\/types\/page"}],"author":[{"embeddable":true,"href":"https:\/\/igame.news\/es\/wp-json\/wp\/v2\/users\/1"}],"replies":[{"embeddable":true,"href":"https:\/\/igame.news\/es\/wp-json\/wp\/v2\/comments?post=3844"}],"version-history":[{"count":7,"href":"https:\/\/igame.news\/es\/wp-json\/wp\/v2\/pages\/3844\/revisions"}],"predecessor-version":[{"id":13783,"href":"https:\/\/igame.news\/es\/wp-json\/wp\/v2\/pages\/3844\/revisions\/13783"}],"wp:attachment":[{"href":"https:\/\/igame.news\/es\/wp-json\/wp\/v2\/media?parent=3844"}],"curies":[{"name":"wp","href":"https:\/\/api.w.org\/{rel}","templated":true}]}}