{"id":3685,"date":"2023-05-08T11:38:59","date_gmt":"2023-05-08T11:38:59","guid":{"rendered":"https:\/\/igame.news\/datenschutzhinweis\/"},"modified":"2023-05-09T07:37:54","modified_gmt":"2023-05-09T07:37:54","slug":"datenschutzhinweis","status":"publish","type":"page","link":"https:\/\/igame.news\/de\/datenschutzhinweis\/","title":{"rendered":"DATENSCHUTZHINWEIS"},"content":{"rendered":"\n<p>iGaming.news verpflichtet sich, die Privatsph\u00e4re und die pers\u00f6nlichen Daten seiner Benutzer zu sch\u00fctzen. Dieser Datenschutzhinweis beschreibt unsere diesbez\u00fcglichen Richtlinien und Praktiken.<\/p>\n\n<p>ERHEBUNG PERS\u00d6NLICHER DATEN Wir erheben personenbezogene Daten von unseren Nutzern, um unsere Dienstleistungen, wie z. B. den Versand von Newslettern und anderen Inhalten, zu erbringen. Die von uns erfassten Informationen k\u00f6nnen Namen, E-Mail-Adressen und andere Kontaktinformationen umfassen.<\/p>\n\n<p>VERWENDUNG PERS\u00d6NLICHER DATEN Wir verwenden personenbezogene Daten f\u00fcr die Zwecke, f\u00fcr die sie erhoben wurden, sowie f\u00fcr andere Zwecke, die mit diesen Zwecken vereinbar sind. Wir k\u00f6nnen personenbezogene Daten verwenden, um unsere Dienste bereitzustellen, mit unseren Nutzern zu kommunizieren, Inhalte und Werbung zu personalisieren und f\u00fcr andere Zwecke im Zusammenhang mit unserem Gesch\u00e4ft.<\/p>\n\n<p>WEITERGABE VON PERS\u00d6NLICHEN DATEN Wir geben keine pers\u00f6nlichen Daten an Dritte weiter, es sei denn, dies ist f\u00fcr die Erbringung unserer Dienstleistungen erforderlich oder gesetzlich vorgeschrieben. Wir k\u00f6nnen personenbezogene Daten an Dienstleister weitergeben, die uns bei der Erbringung unserer Dienstleistungen unterst\u00fctzen.<\/p>\n\n<p>SCHUTZ PERS\u00d6NLICHER DATEN Wir ergreifen angemessene Ma\u00dfnahmen, um pers\u00f6nliche Daten vor unbefugtem Zugriff, Offenlegung oder anderen Formen des Missbrauchs zu sch\u00fctzen. Wir unterhalten angemessene technische und organisatorische Sicherheitsvorkehrungen zum Schutz pers\u00f6nlicher Daten.<\/p>\n\n<p>BENUTZERWAHLEN UND ZUGANG Die Benutzer haben das Recht, auf ihre pers\u00f6nlichen Daten zuzugreifen und deren Berichtigung oder L\u00f6schung zu verlangen. Die Nutzer k\u00f6nnen sich auch gegen den Erhalt von Marketing-Mitteilungen von uns entscheiden.<\/p>\n\n<p>FRAGEN ODER BEDENKEN Wenn Sie Fragen oder Bedenken zu unserem Datenschutzhinweis oder unseren Praktiken haben, wenden Sie sich bitte an <a href=\"mailto:privacy@iGaming.news\">privacy@iGaming.news.<\/a><\/p>\n\n<p>\u00c4NDERUNGEN DES DATENSCHUTZHINWEISES Wir k\u00f6nnen diesen Datenschutzhinweis von Zeit zu Zeit aktualisieren. Wir empfehlen den Nutzern, diese Datenschutzerkl\u00e4rung regelm\u00e4\u00dfig zu lesen, um sich dar\u00fcber zu informieren, wie wir ihre pers\u00f6nlichen Daten sch\u00fctzen.<\/p>\n","protected":false},"excerpt":{"rendered":"<p>iGaming.news verpflichtet sich, die Privatsph\u00e4re und die pers\u00f6nlichen Daten seiner Benutzer zu sch\u00fctzen. Dieser Datenschutzhinweis beschreibt unsere diesbez\u00fcglichen Richtlinien und Praktiken. ERHEBUNG PERS\u00d6NLICHER DATEN Wir erheben personenbezogene Daten von unseren Nutzern, um unsere Dienstleistungen, wie z. B. den Versand von Newslettern und anderen Inhalten, zu erbringen. Die von uns erfassten Informationen k\u00f6nnen Namen, E-Mail-Adressen und [&hellip;]<\/p>\n","protected":false},"author":1,"featured_media":0,"parent":0,"menu_order":0,"comment_status":"closed","ping_status":"closed","template":"","meta":{"content-type":"","footnotes":""},"class_list":["post-3685","page","type-page","status-publish"],"yoast_head":"<!-- This site is optimized with the Yoast SEO plugin v23.0 - https:\/\/yoast.com\/wordpress\/plugins\/seo\/ -->\n<title>DATENSCHUTZHINWEIS - iGaming - Latest news<\/title>\n<meta name=\"robots\" content=\"index, follow, max-snippet:-1, max-image-preview:large, max-video-preview:-1\" \/>\n<link rel=\"canonical\" href=\"https:\/\/igame.news\/de\/datenschutzhinweis\/\" \/>\n<meta property=\"og:locale\" content=\"de_DE\" \/>\n<meta property=\"og:type\" content=\"article\" \/>\n<meta property=\"og:title\" content=\"DATENSCHUTZHINWEIS - iGaming - Latest news\" \/>\n<meta property=\"og:description\" content=\"iGaming.news verpflichtet sich, die Privatsph\u00e4re und die pers\u00f6nlichen Daten seiner Benutzer zu sch\u00fctzen. Dieser Datenschutzhinweis beschreibt unsere diesbez\u00fcglichen Richtlinien und Praktiken. ERHEBUNG PERS\u00d6NLICHER DATEN Wir erheben personenbezogene Daten von unseren Nutzern, um unsere Dienstleistungen, wie z. B. den Versand von Newslettern und anderen Inhalten, zu erbringen. Die von uns erfassten Informationen k\u00f6nnen Namen, E-Mail-Adressen und [&hellip;]\" \/>\n<meta property=\"og:url\" content=\"https:\/\/igame.news\/de\/datenschutzhinweis\/\" \/>\n<meta property=\"og:site_name\" content=\"iGaming - Latest news\" \/>\n<meta property=\"article:modified_time\" content=\"2023-05-09T07:37:54+00:00\" \/>\n<meta name=\"twitter:card\" content=\"summary_large_image\" \/>\n<meta name=\"twitter:label1\" content=\"Gesch\u00e4tzte Lesezeit\" \/>\n\t<meta name=\"twitter:data1\" content=\"2\u00a0Minuten\" \/>\n<script type=\"application\/ld+json\" class=\"yoast-schema-graph\">{\"@context\":\"https:\/\/schema.org\",\"@graph\":[{\"@type\":\"WebPage\",\"@id\":\"https:\/\/igame.news\/de\/datenschutzhinweis\/\",\"url\":\"https:\/\/igame.news\/de\/datenschutzhinweis\/\",\"name\":\"DATENSCHUTZHINWEIS - iGaming - Latest news\",\"isPartOf\":{\"@id\":\"https:\/\/igame.news\/de\/#website\"},\"datePublished\":\"2023-05-08T11:38:59+00:00\",\"dateModified\":\"2023-05-09T07:37:54+00:00\",\"breadcrumb\":{\"@id\":\"https:\/\/igame.news\/de\/datenschutzhinweis\/#breadcrumb\"},\"inLanguage\":\"de\",\"potentialAction\":[{\"@type\":\"ReadAction\",\"target\":[\"https:\/\/igame.news\/de\/datenschutzhinweis\/\"]}]},{\"@type\":\"BreadcrumbList\",\"@id\":\"https:\/\/igame.news\/de\/datenschutzhinweis\/#breadcrumb\",\"itemListElement\":[{\"@type\":\"ListItem\",\"position\":1,\"name\":\"Home\",\"item\":\"https:\/\/igame.news\/de\/\"},{\"@type\":\"ListItem\",\"position\":2,\"name\":\"DATENSCHUTZHINWEIS\"}]},{\"@type\":\"WebSite\",\"@id\":\"https:\/\/igame.news\/de\/#website\",\"url\":\"https:\/\/igame.news\/de\/\",\"name\":\"iGaming - Latest news\",\"description\":\"\",\"potentialAction\":[{\"@type\":\"SearchAction\",\"target\":{\"@type\":\"EntryPoint\",\"urlTemplate\":\"https:\/\/igame.news\/de\/?s={search_term_string}\"},\"query-input\":\"required name=search_term_string\"}],\"inLanguage\":\"de\"}]}<\/script>\n<!-- \/ Yoast SEO plugin. -->","yoast_head_json":{"title":"DATENSCHUTZHINWEIS - iGaming - Latest news","robots":{"index":"index","follow":"follow","max-snippet":"max-snippet:-1","max-image-preview":"max-image-preview:large","max-video-preview":"max-video-preview:-1"},"canonical":"https:\/\/igame.news\/de\/datenschutzhinweis\/","og_locale":"de_DE","og_type":"article","og_title":"DATENSCHUTZHINWEIS - iGaming - Latest news","og_description":"iGaming.news verpflichtet sich, die Privatsph\u00e4re und die pers\u00f6nlichen Daten seiner Benutzer zu sch\u00fctzen. Dieser Datenschutzhinweis beschreibt unsere diesbez\u00fcglichen Richtlinien und Praktiken. ERHEBUNG PERS\u00d6NLICHER DATEN Wir erheben personenbezogene Daten von unseren Nutzern, um unsere Dienstleistungen, wie z. B. den Versand von Newslettern und anderen Inhalten, zu erbringen. Die von uns erfassten Informationen k\u00f6nnen Namen, E-Mail-Adressen und [&hellip;]","og_url":"https:\/\/igame.news\/de\/datenschutzhinweis\/","og_site_name":"iGaming - Latest news","article_modified_time":"2023-05-09T07:37:54+00:00","twitter_card":"summary_large_image","twitter_misc":{"Gesch\u00e4tzte Lesezeit":"2\u00a0Minuten"},"schema":{"@context":"https:\/\/schema.org","@graph":[{"@type":"WebPage","@id":"https:\/\/igame.news\/de\/datenschutzhinweis\/","url":"https:\/\/igame.news\/de\/datenschutzhinweis\/","name":"DATENSCHUTZHINWEIS - iGaming - Latest news","isPartOf":{"@id":"https:\/\/igame.news\/de\/#website"},"datePublished":"2023-05-08T11:38:59+00:00","dateModified":"2023-05-09T07:37:54+00:00","breadcrumb":{"@id":"https:\/\/igame.news\/de\/datenschutzhinweis\/#breadcrumb"},"inLanguage":"de","potentialAction":[{"@type":"ReadAction","target":["https:\/\/igame.news\/de\/datenschutzhinweis\/"]}]},{"@type":"BreadcrumbList","@id":"https:\/\/igame.news\/de\/datenschutzhinweis\/#breadcrumb","itemListElement":[{"@type":"ListItem","position":1,"name":"Home","item":"https:\/\/igame.news\/de\/"},{"@type":"ListItem","position":2,"name":"DATENSCHUTZHINWEIS"}]},{"@type":"WebSite","@id":"https:\/\/igame.news\/de\/#website","url":"https:\/\/igame.news\/de\/","name":"iGaming - Latest news","description":"","potentialAction":[{"@type":"SearchAction","target":{"@type":"EntryPoint","urlTemplate":"https:\/\/igame.news\/de\/?s={search_term_string}"},"query-input":"required name=search_term_string"}],"inLanguage":"de"}]}},"_links":{"self":[{"href":"https:\/\/igame.news\/de\/wp-json\/wp\/v2\/pages\/3685","targetHints":{"allow":["GET"]}}],"collection":[{"href":"https:\/\/igame.news\/de\/wp-json\/wp\/v2\/pages"}],"about":[{"href":"https:\/\/igame.news\/de\/wp-json\/wp\/v2\/types\/page"}],"author":[{"embeddable":true,"href":"https:\/\/igame.news\/de\/wp-json\/wp\/v2\/users\/1"}],"replies":[{"embeddable":true,"href":"https:\/\/igame.news\/de\/wp-json\/wp\/v2\/comments?post=3685"}],"version-history":[{"count":1,"href":"https:\/\/igame.news\/de\/wp-json\/wp\/v2\/pages\/3685\/revisions"}],"predecessor-version":[{"id":3697,"href":"https:\/\/igame.news\/de\/wp-json\/wp\/v2\/pages\/3685\/revisions\/3697"}],"wp:attachment":[{"href":"https:\/\/igame.news\/de\/wp-json\/wp\/v2\/media?parent=3685"}],"curies":[{"name":"wp","href":"https:\/\/api.w.org\/{rel}","templated":true}]}}